{"id":99,"date":"2019-03-31T12:39:57","date_gmt":"2019-03-31T12:39:57","guid":{"rendered":"https:\/\/www.kominictvisevcik.cz\/?page_id=99"},"modified":"2019-03-31T12:57:19","modified_gmt":"2019-03-31T12:57:19","slug":"zavady","status":"publish","type":"page","link":"https:\/\/www.kominictvisevcik.cz\/index.php\/zavady\/","title":{"rendered":"Z\u00e1vady"},"content":{"rendered":"\n<figure class=\"wp-block-image\"><img decoding=\"async\" src=\"https:\/\/www.kominictvisevcik.cz\/wp-content\/uploads\/IMG_20170706_073754.jpg\" alt=\"\"\/><figcaption>Po\u0161kozen\u00e9 zdivo nadst\u0159e\u0161n\u00ed \u010d\u00e1sti<\/figcaption><\/figure>\n\n\n\n<figure class=\"wp-block-image\"><img decoding=\"async\" src=\"https:\/\/www.kominictvisevcik.cz\/wp-content\/uploads\/IMG_20171214_191522.jpg\" alt=\"\"\/><figcaption>Siln\u011b zanesen\u00fd kou\u0159ovod<\/figcaption><\/figure>\n","protected":false},"excerpt":{"rendered":"","protected":false},"author":6,"featured_media":0,"parent":0,"menu_order":0,"comment_status":"closed","ping_status":"closed","template":"","meta":[],"_links":{"self":[{"href":"https:\/\/www.kominictvisevcik.cz\/index.php\/wp-json\/wp\/v2\/pages\/99"}],"collection":[{"href":"https:\/\/www.kominictvisevcik.cz\/index.php\/wp-json\/wp\/v2\/pages"}],"about":[{"href":"https:\/\/www.kominictvisevcik.cz\/index.php\/wp-json\/wp\/v2\/types\/page"}],"author":[{"embeddable":true,"href":"https:\/\/www.kominictvisevcik.cz\/index.php\/wp-json\/wp\/v2\/users\/6"}],"replies":[{"embeddable":true,"href":"https:\/\/www.kominictvisevcik.cz\/index.php\/wp-json\/wp\/v2\/comments?post=99"}],"version-history":[{"count":3,"href":"https:\/\/www.kominictvisevcik.cz\/index.php\/wp-json\/wp\/v2\/pages\/99\/revisions"}],"predecessor-version":[{"id":311,"href":"https:\/\/www.kominictvisevcik.cz\/index.php\/wp-json\/wp\/v2\/pages\/99\/revisions\/311"}],"wp:attachment":[{"href":"https:\/\/www.kominictvisevcik.cz\/index.php\/wp-json\/wp\/v2\/media?parent=99"}],"curies":[{"name":"wp","href":"https:\/\/api.w.org\/{rel}","templated":true}]}}