{"id":262,"date":"2019-06-27T13:48:27","date_gmt":"2019-06-27T13:48:27","guid":{"rendered":"https:\/\/www.kominictvisevcik.cz\/?page_id=262"},"modified":"2019-06-27T13:48:27","modified_gmt":"2019-06-27T13:48:27","slug":"pozde-muze-byt-drive-nez-si-myslite","status":"publish","type":"page","link":"https:\/\/www.kominictvisevcik.cz\/","title":{"rendered":"Pozd\u011b m\u016f\u017ee b\u00fdt d\u0159\u00edve ne\u017e si mysl\u00edte."},"content":{"rendered":"\n<p>Neodkl\u00e1dejte n\u00e1v\u0161t\u011bvu komin\u00edka na posledn\u00ed chv\u00edli, \u010di\u0161t\u011bn\u00edm a kontrolou spalinov\u00fdch cest b\u011bhem l\u00e9ta si zajist\u00edte klid na za\u010d\u00e1tek topn\u00e9 sez\u00f3ny.<\/p>\n\n\n\n<p>S bl\u00ed\u017e\u00edc\u00edm se podzimem na komin\u00edka m\u016f\u017eete \u010dekat i n\u011bkolik t\u00fddn\u016f.<\/p>\n","protected":false},"excerpt":{"rendered":"<p>Neodkl\u00e1dejte n\u00e1v\u0161t\u011bvu komin\u00edka na posledn\u00ed chv\u00edli, \u010di\u0161t\u011bn\u00edm a kontrolou spalinov\u00fdch cest b\u011bhem l\u00e9ta si zajist\u00edte klid na za\u010d\u00e1tek topn\u00e9 sez\u00f3ny. S bl\u00ed\u017e\u00edc\u00edm se podzimem na komin\u00edka m\u016f\u017eete \u010dekat i n\u011bkolik t\u00fddn\u016f.<\/p>\n","protected":false},"author":6,"featured_media":0,"parent":0,"menu_order":0,"comment_status":"closed","ping_status":"closed","template":"","meta":[],"_links":{"self":[{"href":"https:\/\/www.kominictvisevcik.cz\/index.php\/wp-json\/wp\/v2\/pages\/262"}],"collection":[{"href":"https:\/\/www.kominictvisevcik.cz\/index.php\/wp-json\/wp\/v2\/pages"}],"about":[{"href":"https:\/\/www.kominictvisevcik.cz\/index.php\/wp-json\/wp\/v2\/types\/page"}],"author":[{"embeddable":true,"href":"https:\/\/www.kominictvisevcik.cz\/index.php\/wp-json\/wp\/v2\/users\/6"}],"replies":[{"embeddable":true,"href":"https:\/\/www.kominictvisevcik.cz\/index.php\/wp-json\/wp\/v2\/comments?post=262"}],"version-history":[{"count":1,"href":"https:\/\/www.kominictvisevcik.cz\/index.php\/wp-json\/wp\/v2\/pages\/262\/revisions"}],"predecessor-version":[{"id":265,"href":"https:\/\/www.kominictvisevcik.cz\/index.php\/wp-json\/wp\/v2\/pages\/262\/revisions\/265"}],"wp:attachment":[{"href":"https:\/\/www.kominictvisevcik.cz\/index.php\/wp-json\/wp\/v2\/media?parent=262"}],"curies":[{"name":"wp","href":"https:\/\/api.w.org\/{rel}","templated":true}]}}