{"id":148,"date":"2019-03-31T12:39:11","date_gmt":"2019-03-31T12:39:11","guid":{"rendered":"https:\/\/www.kominictvisevcik.cz\/?page_id=148"},"modified":"2019-03-31T12:39:11","modified_gmt":"2019-03-31T12:39:11","slug":"sluzby","status":"publish","type":"page","link":"https:\/\/www.kominictvisevcik.cz\/index.php\/sluzby\/","title":{"rendered":"Slu\u017eby"},"content":{"rendered":"\n<p>\u010ci\u0161t\u011bn\u00ed a kontrola spalinov\u00fdch cest<\/p>\n\n\n\n<p>Opravy kom\u00ednov\u00fdch t\u011bles<\/p>\n\n\n\n<p>Opravy nadst\u0159e\u0161n\u00edch \u010d\u00e1st\u00ed kom\u00edn\u016f<\/p>\n\n\n\n<p>Vlo\u017ekov\u00e1n\u00ed kom\u00edn\u016f<\/p>\n\n\n\n<p>V\u00fdstavba nov\u00fdch kom\u00edn\u016f<br><\/p>\n\n\n\n<p>V\u00fd\u0161kov\u00e9 pr\u00e1ce<\/p>\n\n\n\n<p>Poradenstv\u00ed v oblasti vyt\u00e1p\u011bn\u00ed budov<\/p>\n","protected":false},"excerpt":{"rendered":"<p>\u010ci\u0161t\u011bn\u00ed a kontrola spalinov\u00fdch cest Opravy kom\u00ednov\u00fdch t\u011bles Opravy nadst\u0159e\u0161n\u00edch \u010d\u00e1st\u00ed kom\u00edn\u016f Vlo\u017ekov\u00e1n\u00ed kom\u00edn\u016f V\u00fdstavba nov\u00fdch kom\u00edn\u016f V\u00fd\u0161kov\u00e9 pr\u00e1ce Poradenstv\u00ed v oblasti vyt\u00e1p\u011bn\u00ed budov<\/p>\n","protected":false},"author":6,"featured_media":0,"parent":0,"menu_order":0,"comment_status":"closed","ping_status":"closed","template":"","meta":[],"_links":{"self":[{"href":"https:\/\/www.kominictvisevcik.cz\/index.php\/wp-json\/wp\/v2\/pages\/148"}],"collection":[{"href":"https:\/\/www.kominictvisevcik.cz\/index.php\/wp-json\/wp\/v2\/pages"}],"about":[{"href":"https:\/\/www.kominictvisevcik.cz\/index.php\/wp-json\/wp\/v2\/types\/page"}],"author":[{"embeddable":true,"href":"https:\/\/www.kominictvisevcik.cz\/index.php\/wp-json\/wp\/v2\/users\/6"}],"replies":[{"embeddable":true,"href":"https:\/\/www.kominictvisevcik.cz\/index.php\/wp-json\/wp\/v2\/comments?post=148"}],"version-history":[{"count":2,"href":"https:\/\/www.kominictvisevcik.cz\/index.php\/wp-json\/wp\/v2\/pages\/148\/revisions"}],"predecessor-version":[{"id":150,"href":"https:\/\/www.kominictvisevcik.cz\/index.php\/wp-json\/wp\/v2\/pages\/148\/revisions\/150"}],"wp:attachment":[{"href":"https:\/\/www.kominictvisevcik.cz\/index.php\/wp-json\/wp\/v2\/media?parent=148"}],"curies":[{"name":"wp","href":"https:\/\/api.w.org\/{rel}","templated":true}]}}